{"id":941,"date":"2022-11-22T15:22:36","date_gmt":"2022-11-22T18:22:36","guid":{"rendered":"https:\/\/barretoarrudadespachantes.com.br\/recurso\/?page_id=941"},"modified":"2023-04-14T12:10:04","modified_gmt":"2023-04-14T15:10:04","slug":"intencao-de-venda-atpve","status":"publish","type":"page","link":"https:\/\/barretoarrudadespachantes.com.br\/recurso\/intencao-de-venda-atpve\/","title":{"rendered":"Inten\u00e7\u00e3o de Venda &#8211; ATPVe"},"content":{"rendered":"<h2><strong>Precisa comunicar a venda de seu ve\u00edculo no Detran?<br \/>\n<a href=\"https:\/\/barretoarrudadespachantes.com.br\/recurso\/recorrer\/\">Fale com nossos despachantes e pe\u00e7a este servi\u00e7o!<\/a><\/strong><\/h2>\n<p><strong>Somos despachantes credenciados e atuamos com servi\u00e7o ATPVe no RJ\u00a0<\/strong><\/p>\n<p>Inten\u00e7\u00e3o de Venda com Identifica\u00e7\u00e3o das partes, para venda ou transfer\u00eancia de ve\u00edculos mediante ato de registrar a Inten\u00e7\u00e3o de Venda de Ve\u00edculo.<br \/>\nO registro da inten\u00e7\u00e3o de venda \u00e9 a primeira etapa do processo de transfer\u00eancia de propriedade do ve\u00edculo.<br \/>\nNos realizados a Inten\u00e7\u00e3o de Venda completa em todo o RJ.<\/p>\n<blockquote>\n<h2><strong>E lembre-se: somente mediante a solicita\u00e7\u00e3o da emiss\u00e3o da Autoriza\u00e7\u00e3o para Transfer\u00eancia de Propriedade do Ve\u00edculo (ATPV-e) que torna poss\u00edvel a transfer\u00eancia da propriedade de seu ve\u00edculo em outro Estado.<\/strong><\/h2>\n<\/blockquote>\n<div class=\"custombtn\" style=\"text-align:center\">\t\r\n\t   <a class=\"morebutton hvr-float-shadow\" href=\"https:\/\/api.whatsapp.com\/send?phone=5521976535997\" target=\"_blank\">PE\u00c7A ATPVe RJ<\/a>\t   \t   \r\n\t<\/div>\n<p><strong>Solicite-nos a Inten\u00e7\u00e3o de venda ATPVe no RJ<\/strong><\/p>\n<h2><strong>Inten\u00e7\u00e3o e Comunica\u00e7\u00e3o de Venda: qual \u00e9 a diferen\u00e7a?<\/strong><\/h2>\n<p>Importante entender que Inten\u00e7\u00e3o e Comunica\u00e7\u00e3o de Venda n\u00e3o s\u00e3o a mesma coisa.<br \/>\n&#8211; Enquanto a &#8220;Inten\u00e7\u00e3o de Venda&#8221;, pode ser equiparada a uma &#8220;pr\u00e9 venda&#8221;, servindo sobretudo como base de coleta de dados para a efetiva\u00e7\u00e3o da transferencia eletronica (dai sua obrigatoriedade), a &#8220;Comunica\u00e7\u00e3o de Venda&#8221;, por sua vez, tem o poder de transferir responsabilidades, multas e poss\u00edveis d\u00e9bitos que incorra no ve\u00edculo ao comprador.<br \/>\n&#8211; Tais transfer\u00eancias de responsabilidades n\u00e3o ocorrem ainda na fase da comunica\u00e7\u00e3o da Inten\u00e7\u00e3o de venda.<\/p>\n<h2><strong>Por que a inten\u00e7\u00e3o de venda \u00e9 obrigat\u00f3ria ent\u00e3o?<\/strong><\/h2>\n<p>Com o advento da Emiss\u00e3o Digital de documentos do ve\u00edculo, foram necess\u00e1rias a cria\u00e7\u00e3o de algumas mudan\u00e7as nas etapas de Transfer\u00eancia do Ve\u00edculo, uma delas \u00e9 a adi\u00e7\u00e3o da obrigatoriedade da &#8220;Inten\u00e7\u00e3o de Venda&#8221; antes mesmo da transfer\u00eancia e a Comunica\u00e7\u00e3o de Venda efetivamente ocorrerem.<\/p>\n<p>Como o &#8220;Certificado de Registro do ve\u00edculo&#8221; (CRV) e o &#8220;Certificado de Registro e Licenciamento do Ve\u00edculo&#8221; (CRLV) s\u00e3o atualmente emitidos somente em &#8220;formato digital&#8221;, e nao mais impressos em papel moeda (o &#8220;verdinho&#8221;), se fez necess\u00e1rio o registro da inten\u00e7\u00e3o de venda, gerando base para a emiss\u00e3o do CRV e CRLV digitais.<\/p>\n<p>Deste modo, so consegue transferir o ve\u00edculo, o propriet\u00e1rio que solicitar a &#8220;Autoriza\u00e7\u00e3o para Transfer\u00eancia de Propriedade do Ve\u00edculo&#8221; (ATPV-e), e, para que tal seja solicitada, \u00e9 obrigatorio antes fazer a Inten\u00e7\u00e3o de venda no Detran de origem do ve\u00edculo.<\/p>\n<blockquote>\n<h2>Fazemos todo o processo online.<br \/>\n<a href=\"https:\/\/api.whatsapp.com\/send?phone=5521976535997\" target=\"_blank\" rel=\"noopener\">Fale conosco!<\/a><\/h2>\n<\/blockquote>\n<div class=\"custombtn\" style=\"text-align:center\">\t\r\n\t   <a class=\"morebutton hvr-float-shadow\" href=\"https:\/\/api.whatsapp.com\/send?phone=5521976535997\" target=\"_blank\">PE\u00c7A ATPVe RJ<\/a>\t   \t   \r\n\t<\/div>\n","protected":false},"excerpt":{"rendered":"<p>Precisa comunicar a venda de seu ve\u00edculo no Detran? Fale com nossos despachantes e pe\u00e7a este servi\u00e7o! Somos despachantes credenciados e atuamos com servi\u00e7o ATPVe no RJ\u00a0 Inten\u00e7\u00e3o de Venda com Identifica\u00e7\u00e3o das partes, para venda ou transfer\u00eancia de ve\u00edculos mediante ato de registrar a Inten\u00e7\u00e3o de Venda de Ve\u00edculo. O registro da inten\u00e7\u00e3o de venda \u00e9 a primeira etapa do processo de transfer\u00eancia de propriedade do ve\u00edculo. Nos realizados a Inten\u00e7\u00e3o de Venda completa em todo o RJ. E lembre-se: somente mediante a solicita\u00e7\u00e3o da emiss\u00e3o da Autoriza\u00e7\u00e3o para Transfer\u00eancia de Propriedade do Ve\u00edculo (ATPV-e) que torna poss\u00edvel a&#8230; <\/p>\n","protected":false},"author":1,"featured_media":0,"parent":0,"menu_order":0,"comment_status":"closed","ping_status":"closed","template":"","meta":{"_joinchat":[],"footnotes":"","_links_to":"","_links_to_target":""},"class_list":["post-941","page","type-page","status-publish","hentry"],"_links":{"self":[{"href":"https:\/\/barretoarrudadespachantes.com.br\/recurso\/wp-json\/wp\/v2\/pages\/941","targetHints":{"allow":["GET"]}}],"collection":[{"href":"https:\/\/barretoarrudadespachantes.com.br\/recurso\/wp-json\/wp\/v2\/pages"}],"about":[{"href":"https:\/\/barretoarrudadespachantes.com.br\/recurso\/wp-json\/wp\/v2\/types\/page"}],"author":[{"embeddable":true,"href":"https:\/\/barretoarrudadespachantes.com.br\/recurso\/wp-json\/wp\/v2\/users\/1"}],"replies":[{"embeddable":true,"href":"https:\/\/barretoarrudadespachantes.com.br\/recurso\/wp-json\/wp\/v2\/comments?post=941"}],"version-history":[{"count":5,"href":"https:\/\/barretoarrudadespachantes.com.br\/recurso\/wp-json\/wp\/v2\/pages\/941\/revisions"}],"predecessor-version":[{"id":1081,"href":"https:\/\/barretoarrudadespachantes.com.br\/recurso\/wp-json\/wp\/v2\/pages\/941\/revisions\/1081"}],"wp:attachment":[{"href":"https:\/\/barretoarrudadespachantes.com.br\/recurso\/wp-json\/wp\/v2\/media?parent=941"}],"curies":[{"name":"wp","href":"https:\/\/api.w.org\/{rel}","templated":true}]}}