{"id":55,"date":"2020-07-15T16:08:02","date_gmt":"2020-07-15T19:08:02","guid":{"rendered":"https:\/\/barretoarrudadespachantes.com.br\/recurso\/?page_id=55"},"modified":"2025-08-01T10:27:01","modified_gmt":"2025-08-01T13:27:01","slug":"nosso-escritorio","status":"publish","type":"page","link":"https:\/\/barretoarrudadespachantes.com.br\/recurso\/nosso-escritorio\/","title":{"rendered":"Nossos Escrit\u00f3rios"},"content":{"rendered":"<h2><strong>Atendimento presencial e online.<br \/>\n<a href=\"https:\/\/barretoarrudadespachantes.com.br\/recurso\/recorrer\/\">Fale conosco e pe\u00e7a seu recurso!<\/a><\/strong><\/h2>\n<p>Temos 4 escrit\u00f3rios para atendimento presencial no RJ, al\u00e9m de op\u00e7\u00e3o &#8211; quando de preferencia do cliente &#8211; de realizar a coleta e a entrega de documentos com motoboys em domic\u00edlio ou em sua empresa.<\/p>\n<div class=\"su-note\"  style=\"border-color:#e5e5e5;border-radius:3px;-moz-border-radius:3px;-webkit-border-radius:3px;\"><div class=\"su-note-inner su-u-clearfix su-u-trim\" style=\"background-color:#ffffff;border-color:#ffffff;color:#000000;border-radius:3px;-moz-border-radius:3px;-webkit-border-radius:3px;\">\n<h2><strong>Recurso de Multa na Barra de Tijuca:<\/strong><\/h2>\n<p>Estr. dos Bandeirantes, 8591, Sala 238<br \/>\n(Shopping Map Band)<br \/>\nBarra Ol\u00edmpica, Rio de Janeiro &#8211; RJ<br \/>\nCEP:: 22783-115<br \/>\nTelefone:<strong> (21) 3776-8800<\/strong><br \/>\nWhatsapp: <strong>(21) 97653-5997<\/strong><br \/>\nE-mail: <a href=\"mailto:barretoarrudadespachantes@gmail.com\">barretoarrudadespachantes@gmail.com<\/a><\/p>\n<div class=\"su-spoiler su-spoiler-style-fancy su-spoiler-icon-arrow su-spoiler-closed\" data-scroll-offset=\"0\" data-anchor-in-url=\"no\"><div class=\"su-spoiler-title\" tabindex=\"0\" role=\"button\"><span class=\"su-spoiler-icon\"><\/span>Clique para ver Mapa<\/div><div class=\"su-spoiler-content su-u-clearfix su-u-trim\">\n<iframe loading=\"lazy\" style=\"border: 0;\" src=\"https:\/\/www.google.com\/maps\/embed?pb=!1m18!1m12!1m3!1d3673.347684615876!2d-43.41659648503304!3d-22.974238884977556!2m3!1f0!2f0!3f0!3m2!1i1024!2i768!4f13.1!3m3!1m2!1s0x9bdc6d362cf139%3A0xc1fa92dd0c1509e2!2sEstr.%20dos%20Bandeirantes%2C%208591%20-%20238%20-%20Jacarepagu%C3%A1%2C%20Rio%20de%20Janeiro%20-%20RJ%2C%2022783-115!5e0!3m2!1spt-BR!2sbr!4v1630515566694!5m2!1spt-BR!2sbr\" width=\"600\" height=\"450\" allowfullscreen=\"allowfullscreen\"><\/iframe><br \/>\n<\/div><\/div>\n<a href=\"https:\/\/web.whatsapp.com\/send?phone=5521976535997\" class=\"su-button su-button-style-glass\" style=\"color:#FFFFFF;background-color:#079916;border-color:#067b12;border-radius:6px\" target=\"_blank\" rel=\"noopener noreferrer\"><span style=\"color:#FFFFFF;padding:6px 18px;font-size:14px;line-height:21px;border-color:#52b85c;border-radius:6px;text-shadow:none\"><i class=\"sui sui-whatsapp\" style=\"font-size:14px;color:#FFFFFF\"><\/i> WhatsApp<\/span><\/a>\n<\/div><\/div>\n<div class=\"su-note\"  style=\"border-color:#e5e5e5;border-radius:3px;-moz-border-radius:3px;-webkit-border-radius:3px;\"><div class=\"su-note-inner su-u-clearfix su-u-trim\" style=\"background-color:#ffffff;border-color:#ffffff;color:#000000;border-radius:3px;-moz-border-radius:3px;-webkit-border-radius:3px;\">\n<h2><strong>Recurso de Multa em Campo Grande:<\/strong><\/h2>\n<p>Em breve!<br \/>\nTelefone: <strong>(21) 3776-8800<\/strong><br \/>\nWhatsapp:<strong> (21) 97653-5997<\/strong><br \/>\nE-mail: <a href=\"mailto:barretoarrudadespachantes@gmail.com\">barretoarrudadespachantes@gmail.com<\/a><\/p>\n<a href=\"https:\/\/web.whatsapp.com\/send?phone=5521976535997\" class=\"su-button su-button-style-glass\" style=\"color:#FFFFFF;background-color:#079916;border-color:#067b12;border-radius:6px\" target=\"_blank\" rel=\"noopener noreferrer\"><span style=\"color:#FFFFFF;padding:6px 18px;font-size:14px;line-height:21px;border-color:#52b85c;border-radius:6px;text-shadow:none\"><i class=\"sui sui-whatsapp\" style=\"font-size:14px;color:#FFFFFF\"><\/i> WhatsApp<\/span><\/a>\n<\/div><\/div>\n<div class=\"su-note\"  style=\"border-color:#e5e5e5;border-radius:3px;-moz-border-radius:3px;-webkit-border-radius:3px;\"><div class=\"su-note-inner su-u-clearfix su-u-trim\" style=\"background-color:#ffffff;border-color:#ffffff;color:#000000;border-radius:3px;-moz-border-radius:3px;-webkit-border-radius:3px;\">\n<h2><strong>Recurso de Multa em Goi\u00e2nia &#8211; GO:<\/strong><\/h2>\n<p>Atendimento Online de recurso de multa e processos administrativos (Lei Seca, Mandat\u00f3ria, Suspens\u00e3o do direito de dirigir, Cassa\u00e7\u00e3o do direito de dirigir, CNH Bloqueada)<br \/>\nWhatsapp:<strong> (21) 97653-5997<\/strong><br \/>\nE-mail: <a href=\"mailto:barretoarrudadespachantes@gmail.com\">barretoarrudadespachantes@gmail.com<\/a><\/p>\n<a href=\"https:\/\/web.whatsapp.com\/send?phone=5521976535997\" class=\"su-button su-button-style-glass\" style=\"color:#FFFFFF;background-color:#079916;border-color:#067b12;border-radius:6px\" target=\"_blank\" rel=\"noopener noreferrer\"><span style=\"color:#FFFFFF;padding:6px 18px;font-size:14px;line-height:21px;border-color:#52b85c;border-radius:6px;text-shadow:none\"><i class=\"sui sui-whatsapp\" style=\"font-size:14px;color:#FFFFFF\"><\/i> WhatsApp<\/span><\/a>\n<\/div><\/div>\n","protected":false},"excerpt":{"rendered":"<p>Atendimento presencial e online. Fale conosco e pe\u00e7a seu recurso! Temos 4 escrit\u00f3rios para atendimento presencial no RJ, al\u00e9m de op\u00e7\u00e3o &#8211; quando de preferencia do cliente &#8211; de realizar a coleta e a entrega de documentos com motoboys em domic\u00edlio ou em sua empresa.<\/p>\n","protected":false},"author":1,"featured_media":0,"parent":0,"menu_order":0,"comment_status":"closed","ping_status":"closed","template":"","meta":{"_joinchat":[],"footnotes":"","_links_to":"","_links_to_target":""},"class_list":["post-55","page","type-page","status-publish","hentry"],"_links":{"self":[{"href":"https:\/\/barretoarrudadespachantes.com.br\/recurso\/wp-json\/wp\/v2\/pages\/55","targetHints":{"allow":["GET"]}}],"collection":[{"href":"https:\/\/barretoarrudadespachantes.com.br\/recurso\/wp-json\/wp\/v2\/pages"}],"about":[{"href":"https:\/\/barretoarrudadespachantes.com.br\/recurso\/wp-json\/wp\/v2\/types\/page"}],"author":[{"embeddable":true,"href":"https:\/\/barretoarrudadespachantes.com.br\/recurso\/wp-json\/wp\/v2\/users\/1"}],"replies":[{"embeddable":true,"href":"https:\/\/barretoarrudadespachantes.com.br\/recurso\/wp-json\/wp\/v2\/comments?post=55"}],"version-history":[{"count":36,"href":"https:\/\/barretoarrudadespachantes.com.br\/recurso\/wp-json\/wp\/v2\/pages\/55\/revisions"}],"predecessor-version":[{"id":1373,"href":"https:\/\/barretoarrudadespachantes.com.br\/recurso\/wp-json\/wp\/v2\/pages\/55\/revisions\/1373"}],"wp:attachment":[{"href":"https:\/\/barretoarrudadespachantes.com.br\/recurso\/wp-json\/wp\/v2\/media?parent=55"}],"curies":[{"name":"wp","href":"https:\/\/api.w.org\/{rel}","templated":true}]}}