{"id":365,"date":"2021-02-01T10:48:44","date_gmt":"2021-02-01T13:48:44","guid":{"rendered":"https:\/\/barretoarrudadespachantes.com.br\/recurso\/?page_id=365"},"modified":"2025-08-01T10:25:27","modified_gmt":"2025-08-01T13:25:27","slug":"despachante-em-campo-grande","status":"publish","type":"page","link":"https:\/\/barretoarrudadespachantes.com.br\/recurso\/despachante-em-campo-grande\/","title":{"rendered":"Despachante em Campo Grande"},"content":{"rendered":"<div class=\"section section-info\">\n<h2><strong>Despachante Campo Grande e adjac\u00eancias<br \/>\n<a href=\"https:\/\/barretoarrudadespachantes.com.br\/recurso\/recorrer\/\">Fale com a Barreto e Arruda<\/a><\/strong><\/h2>\n<\/div>\n<p>A <strong>Barreto &amp; Arruda Despachantes<\/strong> \u00e9 uma empresa especializada em <a href=\"https:\/\/barretoarrudadespachantes.com.br\/recurso\/recurso-de-multa\/\">Defesa Pr\u00e9via<\/a> e <a href=\"https:\/\/barretoarrudadespachantes.com.br\/recurso\/recurso-de-multa\/\">Recurso de Multas<\/a> e <a href=\"https:\/\/barretoarrudadespachantes.com.br\/recurso\/suspensao-de-cnh\/\">Recurso em Processos de Suspens\u00e3o de CNH<\/a> e <a href=\"https:\/\/barretoarrudadespachantes.com.br\/recurso\/cassacao-de-cnh\/\">Recurso de Cassa\u00e7\u00e3o de CNH<\/a> al\u00e9m de atuar com <a href=\"https:\/\/barretoarrudadespachantes.com.br\/recurso\/lei-seca\/\">Recurso de Multa Lei Seca RJ<\/a>.<br \/>\n<img loading=\"lazy\" decoding=\"async\" class=\"size-medium wp-image-178 alignleft\" src=\"https:\/\/barretoarrudadespachantes.com.br\/recurso\/wp-content\/uploads\/2020\/07\/WhatsApp-Image-2020-07-16-at-14.45.46-300x225.jpeg\" alt=\"\" width=\"300\" height=\"225\" srcset=\"https:\/\/barretoarrudadespachantes.com.br\/recurso\/wp-content\/uploads\/2020\/07\/WhatsApp-Image-2020-07-16-at-14.45.46-300x225.jpeg 300w, https:\/\/barretoarrudadespachantes.com.br\/recurso\/wp-content\/uploads\/2020\/07\/WhatsApp-Image-2020-07-16-at-14.45.46-1024x768.jpeg 1024w, https:\/\/barretoarrudadespachantes.com.br\/recurso\/wp-content\/uploads\/2020\/07\/WhatsApp-Image-2020-07-16-at-14.45.46-768x576.jpeg 768w, https:\/\/barretoarrudadespachantes.com.br\/recurso\/wp-content\/uploads\/2020\/07\/WhatsApp-Image-2020-07-16-at-14.45.46.jpeg 1032w\" sizes=\"auto, (max-width: 300px) 100vw, 300px\" \/>Com escrit\u00f3rios no Rio de Janeiro e atendimento online em GO, a empresa \u00e9 composta por um time de Despachantes credenciados no <strong>Conselho Regional de Despachantes Documentalistas<\/strong> (CRDD-RJ) e por Advogados especialistas em <strong>Direito de Tr\u00e2nsito<\/strong>.<br \/>\nA empresa \u00e9 reconhecida sobretudo por motoristas profissionais, por sua atua\u00e7\u00e3o din\u00e2mica, com pre\u00e7os competitivos e grande quantidade de deferimentos em recursos.<br \/>\nAl\u00e9m de atendimento presencial, a empresa se destaca tamb\u00e9m por atendimento online com op\u00e7\u00e3o de coleta com motoboy e atendimento personalizado.<br \/>\n<strong>Utilizamos a legisla\u00e7\u00e3o vigente a favor de nossos clientes para garantir a manuten\u00e7\u00e3o de seus interesses.<\/strong><\/p>\n<blockquote>\n<h2>N\u00e3o contrate curiosos:<br \/>\nrecorra de suas multas com um despachantes!<\/h2>\n<\/blockquote>\n<p>&nbsp;<\/p>\n<p><img loading=\"lazy\" decoding=\"async\" class=\"alignnone wp-image-303 size-full\" src=\"https:\/\/barretoarrudadespachantes.com.br\/recurso\/wp-content\/uploads\/2020\/07\/barra.png\" alt=\"Barreto e Arruda\" width=\"685\" height=\"308\" srcset=\"https:\/\/barretoarrudadespachantes.com.br\/recurso\/wp-content\/uploads\/2020\/07\/barra.png 685w, https:\/\/barretoarrudadespachantes.com.br\/recurso\/wp-content\/uploads\/2020\/07\/barra-300x135.png 300w\" sizes=\"auto, (max-width: 685px) 100vw, 685px\" \/><\/p>\n<p>&nbsp;<\/p>\n<h2><strong>Recurso de Multas Rio de Janeiro:<\/strong><\/h2>\n<p>Telefone: <strong>(21) 3776-8800<\/strong><br \/>\nWhatsapp:<strong> (21) 97653-5997<\/strong><br \/>\nE-mail: <a href=\"mailto:barretoarrudadespachantes@gmail.com\">barretoarrudadespachantes@gmail.com<\/a><\/p>\n<a href=\"https:\/\/web.whatsapp.com\/send?phone=5521976535997\" class=\"su-button su-button-style-glass\" style=\"color:#FFFFFF;background-color:#079916;border-color:#067b12;border-radius:6px\" target=\"_blank\" rel=\"noopener noreferrer\"><span style=\"color:#FFFFFF;padding:6px 18px;font-size:14px;line-height:21px;border-color:#52b85c;border-radius:6px;text-shadow:none\"><i class=\"sui sui-whatsapp\" style=\"font-size:14px;color:#FFFFFF\"><\/i> WhatsApp<\/span><\/a>\n<p>&nbsp;<\/p>\n<p>&nbsp;<\/p>\n<p>&nbsp;<\/p>\n","protected":false},"excerpt":{"rendered":"<p>Despachante Campo Grande e adjac\u00eancias Fale com a Barreto e Arruda A Barreto &amp; Arruda Despachantes \u00e9 uma empresa especializada em Defesa Pr\u00e9via e Recurso de Multas e Recurso em Processos de Suspens\u00e3o de CNH e Recurso de Cassa\u00e7\u00e3o de CNH al\u00e9m de atuar com Recurso de Multa Lei Seca RJ. Com escrit\u00f3rios no Rio de Janeiro e atendimento online em GO, a empresa \u00e9 composta por um time de Despachantes credenciados no Conselho Regional de Despachantes Documentalistas (CRDD-RJ) e por Advogados especialistas em Direito de Tr\u00e2nsito. A empresa \u00e9 reconhecida sobretudo por motoristas profissionais, por sua atua\u00e7\u00e3o din\u00e2mica, com&#8230; <\/p>\n","protected":false},"author":1,"featured_media":0,"parent":0,"menu_order":0,"comment_status":"closed","ping_status":"closed","template":"","meta":{"_joinchat":[],"footnotes":"","_links_to":"","_links_to_target":""},"class_list":["post-365","page","type-page","status-publish","hentry"],"_links":{"self":[{"href":"https:\/\/barretoarrudadespachantes.com.br\/recurso\/wp-json\/wp\/v2\/pages\/365","targetHints":{"allow":["GET"]}}],"collection":[{"href":"https:\/\/barretoarrudadespachantes.com.br\/recurso\/wp-json\/wp\/v2\/pages"}],"about":[{"href":"https:\/\/barretoarrudadespachantes.com.br\/recurso\/wp-json\/wp\/v2\/types\/page"}],"author":[{"embeddable":true,"href":"https:\/\/barretoarrudadespachantes.com.br\/recurso\/wp-json\/wp\/v2\/users\/1"}],"replies":[{"embeddable":true,"href":"https:\/\/barretoarrudadespachantes.com.br\/recurso\/wp-json\/wp\/v2\/comments?post=365"}],"version-history":[{"count":10,"href":"https:\/\/barretoarrudadespachantes.com.br\/recurso\/wp-json\/wp\/v2\/pages\/365\/revisions"}],"predecessor-version":[{"id":1372,"href":"https:\/\/barretoarrudadespachantes.com.br\/recurso\/wp-json\/wp\/v2\/pages\/365\/revisions\/1372"}],"wp:attachment":[{"href":"https:\/\/barretoarrudadespachantes.com.br\/recurso\/wp-json\/wp\/v2\/media?parent=365"}],"curies":[{"name":"wp","href":"https:\/\/api.w.org\/{rel}","templated":true}]}}