{"id":1275,"date":"2024-09-10T17:05:01","date_gmt":"2024-09-10T20:05:01","guid":{"rendered":"https:\/\/barretoarrudadespachantes.com.br\/recurso\/?page_id=1275"},"modified":"2024-09-10T17:05:01","modified_gmt":"2024-09-10T20:05:01","slug":"despachante-barra","status":"publish","type":"page","link":"https:\/\/barretoarrudadespachantes.com.br\/recurso\/despachante-barra\/","title":{"rendered":"Despachante Barra"},"content":{"rendered":"<div>\n<h2><strong>Despachante Barra Ol\u00edmpica e zona oeste<br \/>\n<a href=\"https:\/\/barretoarrudadespachantes.com.br\/recurso\/recorrer\/\">Fale com a Barreto e Arruda<\/a><\/strong><\/h2>\n<\/div>\n<p>A <strong>Barreto &amp; Arruda Despachantes<\/strong> \u00e9 uma empresa especializada em <a href=\"https:\/\/barretoarrudadespachantes.com.br\/recurso\/recurso-de-multa\/\">Defesa Pr\u00e9via<\/a> e <a href=\"https:\/\/barretoarrudadespachantes.com.br\/recurso\/recurso-de-multa\/\">Recurso de Multas<\/a> e <a href=\"https:\/\/barretoarrudadespachantes.com.br\/recurso\/suspensao-de-cnh\/\">Recurso em Processos de Suspens\u00e3o de CNH<\/a> e <a href=\"https:\/\/barretoarrudadespachantes.com.br\/recurso\/cassacao-de-cnh\/\">Recurso de Cassa\u00e7\u00e3o de CNH<\/a> al\u00e9m de atuar com <a href=\"https:\/\/barretoarrudadespachantes.com.br\/recurso\/lei-seca\/\">Recurso de Multa Lei Seca RJ<\/a>.<br \/>\n<img loading=\"lazy\" decoding=\"async\" class=\"size-medium wp-image-178 alignleft\" src=\"https:\/\/barretoarrudadespachantes.com.br\/recurso\/wp-content\/uploads\/2020\/07\/WhatsApp-Image-2020-07-16-at-14.45.46-300x225.jpeg\" alt=\"\" width=\"300\" height=\"225\" srcset=\"https:\/\/barretoarrudadespachantes.com.br\/recurso\/wp-content\/uploads\/2020\/07\/WhatsApp-Image-2020-07-16-at-14.45.46-300x225.jpeg 300w, https:\/\/barretoarrudadespachantes.com.br\/recurso\/wp-content\/uploads\/2020\/07\/WhatsApp-Image-2020-07-16-at-14.45.46-1024x768.jpeg 1024w, https:\/\/barretoarrudadespachantes.com.br\/recurso\/wp-content\/uploads\/2020\/07\/WhatsApp-Image-2020-07-16-at-14.45.46-768x576.jpeg 768w, https:\/\/barretoarrudadespachantes.com.br\/recurso\/wp-content\/uploads\/2020\/07\/WhatsApp-Image-2020-07-16-at-14.45.46.jpeg 1032w\" sizes=\"auto, (max-width: 300px) 100vw, 300px\" \/>Com quatro escrit\u00f3rios &#8211; incluindo\u00a0 Barra Ol\u00edmpica &#8211; a empresa \u00e9 composta por um time de Despachantes credenciados no <strong>Conselho Regional de Despachantes Documentalistas<\/strong> (CRDD-RJ) e por Advogados especialistas em <strong>Direito de Tr\u00e2nsito<\/strong>.<br \/>\nA empresa \u00e9 reconhecida sobretudo por motoristas profissionais, por sua atua\u00e7\u00e3o din\u00e2mica, com pre\u00e7os competitivos e grande quantidade de deferimentos em recursos.<br \/>\nAl\u00e9m de atendimento presencial em 4 escrit\u00f3rios, a empresa se destaca tamb\u00e9m por atendimento online com op\u00e7\u00e3o de coleta com motoboy e atendimento personalizado.<br \/>\n<strong>Utilizamos a legisla\u00e7\u00e3o vigente a favor de nossos clientes para garantir a manuten\u00e7\u00e3o de seus interesses.<\/strong><\/p>\n<blockquote>\n<h2>N\u00e3o contrate curiosos:<br \/>\nrecorra de suas multas com um despachantes!<\/h2>\n<\/blockquote>\n<p><img loading=\"lazy\" decoding=\"async\" class=\"alignnone wp-image-303 size-full\" src=\"https:\/\/barretoarrudadespachantes.com.br\/recurso\/wp-content\/uploads\/2020\/07\/barra.png\" alt=\"Barreto e Arruda\" width=\"685\" height=\"308\" srcset=\"https:\/\/barretoarrudadespachantes.com.br\/recurso\/wp-content\/uploads\/2020\/07\/barra.png 685w, https:\/\/barretoarrudadespachantes.com.br\/recurso\/wp-content\/uploads\/2020\/07\/barra-300x135.png 300w\" sizes=\"auto, (max-width: 685px) 100vw, 685px\" \/><\/p>\n<h2><strong>Recurso de Multas na Barra:<\/strong><\/h2>\n<p>Estrada dos Bandeirantes, 8591, Sala 238<br \/>\n(Shopping Map Band)<br \/>\nBarra Ol\u00edmpica, Rio de Janeiro \u2013 RJ<br \/>\nCEP:: 22783-115<br \/>\nTelefone:<strong> (21) 3776-8800<\/strong><br \/>\nWhatsapp: <strong>(21) 97653-5997<\/strong><br \/>\nE-mail: <a href=\"mailto:barretoarrudadespachantes@gmail.com\">barretoarrudadespachantes@gmail.com<\/a><\/p>\n<a href=\"https:\/\/web.whatsapp.com\/send?phone=5521976535997\" class=\"su-button su-button-style-glass\" style=\"color:#FFFFFF;background-color:#079916;border-color:#067b12;border-radius:6px\" target=\"_blank\" rel=\"noopener noreferrer\"><span style=\"color:#FFFFFF;padding:6px 18px;font-size:14px;line-height:21px;border-color:#52b85c;border-radius:6px;text-shadow:none\"><i class=\"sui sui-whatsapp\" style=\"font-size:14px;color:#FFFFFF\"><\/i> WhatsApp<\/span><\/a> <a href=\"https:\/\/goo.gl\/maps\/9JtLQDH2atZax2yT7\" class=\"su-button su-button-style-glass\" style=\"color:#FFFFFF;background-color:#1558c9;border-color:#1147a1;border-radius:5px\" target=\"_blank\" rel=\"noopener noreferrer\"><span style=\"color:#FFFFFF;padding:6px 16px;font-size:13px;line-height:20px;border-color:#5c8bda;border-radius:5px;text-shadow:none\"><i class=\"sui sui-map-marker\" style=\"font-size:13px;color:#FFFFFF\"><\/i> Mapa<\/span><\/a>\n<p>&nbsp;<\/p>\n<hr \/>\n<p>&nbsp;<\/p>\n<p><iframe loading=\"lazy\" style=\"border: 0;\" src=\"https:\/\/www.google.com\/maps\/embed?pb=!1m18!1m12!1m3!1d3673.347684615876!2d-43.41659648503304!3d-22.974238884977556!2m3!1f0!2f0!3f0!3m2!1i1024!2i768!4f13.1!3m3!1m2!1s0x9bdc6d362cf139%3A0xc1fa92dd0c1509e2!2sEstr.%20dos%20Bandeirantes%2C%208591%20-%20238%20-%20Jacarepagu%C3%A1%2C%20Rio%20de%20Janeiro%20-%20RJ%2C%2022783-115!5e0!3m2!1spt-BR!2sbr!4v1630515566694!5m2!1spt-BR!2sbr\" width=\"600\" height=\"450\" allowfullscreen=\"allowfullscreen\"><\/iframe><\/p>\n[insta-gallery id=&#8221;2&#8243;]\n","protected":false},"excerpt":{"rendered":"<p>Despachante Barra Ol\u00edmpica e zona oeste Fale com a Barreto e Arruda A Barreto &amp; Arruda Despachantes \u00e9 uma empresa especializada em Defesa Pr\u00e9via e Recurso de Multas e Recurso em Processos de Suspens\u00e3o de CNH e Recurso de Cassa\u00e7\u00e3o de CNH al\u00e9m de atuar com Recurso de Multa Lei Seca RJ. Com quatro escrit\u00f3rios &#8211; incluindo\u00a0 Barra Ol\u00edmpica &#8211; a empresa \u00e9 composta por um time de Despachantes credenciados no Conselho Regional de Despachantes Documentalistas (CRDD-RJ) e por Advogados especialistas em Direito de Tr\u00e2nsito. A empresa \u00e9 reconhecida sobretudo por motoristas profissionais, por sua atua\u00e7\u00e3o din\u00e2mica, com pre\u00e7os competitivos&#8230; <\/p>\n","protected":false},"author":1,"featured_media":0,"parent":0,"menu_order":0,"comment_status":"closed","ping_status":"closed","template":"","meta":{"_joinchat":[],"footnotes":"","_links_to":"","_links_to_target":""},"class_list":["post-1275","page","type-page","status-publish","hentry"],"_links":{"self":[{"href":"https:\/\/barretoarrudadespachantes.com.br\/recurso\/wp-json\/wp\/v2\/pages\/1275","targetHints":{"allow":["GET"]}}],"collection":[{"href":"https:\/\/barretoarrudadespachantes.com.br\/recurso\/wp-json\/wp\/v2\/pages"}],"about":[{"href":"https:\/\/barretoarrudadespachantes.com.br\/recurso\/wp-json\/wp\/v2\/types\/page"}],"author":[{"embeddable":true,"href":"https:\/\/barretoarrudadespachantes.com.br\/recurso\/wp-json\/wp\/v2\/users\/1"}],"replies":[{"embeddable":true,"href":"https:\/\/barretoarrudadespachantes.com.br\/recurso\/wp-json\/wp\/v2\/comments?post=1275"}],"version-history":[{"count":1,"href":"https:\/\/barretoarrudadespachantes.com.br\/recurso\/wp-json\/wp\/v2\/pages\/1275\/revisions"}],"predecessor-version":[{"id":1276,"href":"https:\/\/barretoarrudadespachantes.com.br\/recurso\/wp-json\/wp\/v2\/pages\/1275\/revisions\/1276"}],"wp:attachment":[{"href":"https:\/\/barretoarrudadespachantes.com.br\/recurso\/wp-json\/wp\/v2\/media?parent=1275"}],"curies":[{"name":"wp","href":"https:\/\/api.w.org\/{rel}","templated":true}]}}