{"id":1155,"date":"2023-10-05T08:30:48","date_gmt":"2023-10-05T11:30:48","guid":{"rendered":"https:\/\/barretoarrudadespachantes.com.br\/recurso\/?page_id=1155"},"modified":"2024-05-08T10:15:17","modified_gmt":"2024-05-08T13:15:17","slug":"recorrer-multa-pedagio-free-flow","status":"publish","type":"page","link":"https:\/\/barretoarrudadespachantes.com.br\/recurso\/recorrer-multa-pedagio-free-flow\/","title":{"rendered":"Recorrer multa Ped\u00e1gio Free Flow"},"content":{"rendered":"<h2><strong>Foi multado no Ped\u00e1gio Free Flow?<br \/>\n<\/strong><strong>Multa por evas\u00e3o de Ped\u00e1gio?<br \/>\n<\/strong><strong><a href=\"https:\/\/api.whatsapp.com\/send?phone=5521976535997&amp;text=Gostaria%20de%20recorrer%20Multa%20pedagio%20FREE%20FLOW\/\" target=\"_blank\" rel=\"noopener\">Recorra e solicite anula\u00e7\u00e3o da multa e pontos!<\/a><\/strong><\/h2>\n<div class=\"su-note\"  style=\"border-color:#e2d87e;border-radius:3px;-moz-border-radius:3px;-webkit-border-radius:3px;\"><div class=\"su-note-inner su-u-clearfix su-u-trim\" style=\"background-color:#fcf298;border-color:#ffffff;color:#000000;border-radius:3px;-moz-border-radius:3px;-webkit-border-radius:3px;\">NOVIDADE: justi\u00e7a <strong>derruba<\/strong> <strong>liminar<\/strong> que anulava Multas Free Flow: as multas <strong>est\u00e3o valendo<\/strong>, autos de infra\u00e7\u00e3o prosseguem e prazos para recurso foram retomados.<br \/>\n<a href=\"https:\/\/barretoarrudadespachantes.com.br\/recurso\/justica-derruba-liminar-que-cancelava-multas-free-flow-no-rj\/\">Leia mais aqui<\/a><\/div><\/div>\n<p><b>Quem deixa de pagar o Ped\u00e1gio Free Flow comete uma INFRA\u00c7\u00c3O GRAVE, sujeito a<span style=\"color: #993300;\"> multa no valor de R$ 195,23<\/span>\u00a0e perda de <\/b><strong><span style=\"color: #993300;\">05 pontos na CNH<\/span>. <\/strong><br \/>\n<b>Recorra j\u00e1 com nossos despachantes e n\u00e3o acumule pontos na CNH!<br \/>\n<\/b><br \/>\n<a href=\"https:\/\/api.whatsapp.com\/send?phone=5521976535997&amp;text=Gostaria%20de%20recorrer%20Multa%20pedagio%20FREE%20FLOW\" target=\"_blank\" rel=\"noopener\"><img loading=\"lazy\" decoding=\"async\" class=\"aligncenter wp-image-1159 size-large\" src=\"https:\/\/barretoarrudadespachantes.com.br\/recurso\/wp-content\/uploads\/2023\/10\/sites-1024x1024.jpg\" alt=\"Multa ped\u00e1gio Free Flow\" width=\"1024\" height=\"1024\" srcset=\"https:\/\/barretoarrudadespachantes.com.br\/recurso\/wp-content\/uploads\/2023\/10\/sites-1024x1024.jpg 1024w, https:\/\/barretoarrudadespachantes.com.br\/recurso\/wp-content\/uploads\/2023\/10\/sites-300x300.jpg 300w, https:\/\/barretoarrudadespachantes.com.br\/recurso\/wp-content\/uploads\/2023\/10\/sites-150x150.jpg 150w, https:\/\/barretoarrudadespachantes.com.br\/recurso\/wp-content\/uploads\/2023\/10\/sites-768x768.jpg 768w, https:\/\/barretoarrudadespachantes.com.br\/recurso\/wp-content\/uploads\/2023\/10\/sites.jpg 1080w\" sizes=\"auto, (max-width: 1024px) 100vw, 1024px\" \/><\/a><\/p>\n<h3><strong>O que \u00e9 Free Flow?<\/strong><\/h3>\n<p>No Rio de Janeiro j\u00e1 come\u00e7ou a ser instalado o <strong>novo sistema de ped\u00e1gio <\/strong>denominado <strong>Free Flow<\/strong> (&#8220;Fluxo Livre&#8221; em tradu\u00e7\u00e3o livre) que consiste em cobran\u00e7a 100% eletr\u00f4nica, dispensando as usuais cancelas e cabines de pagamento.<\/p>\n<h3><b>Se n\u00e3o existem cabines, como pagar o ped\u00e1gio Free Flow?<\/b><\/h3>\n<p>O pagamento poder\u00e1 ser feito atrav\u00e9s de tags, j\u00e1 utilizados em ped\u00e1gios comuns, como operadoras: <em>ConectCar<\/em>; <em>Taggy<\/em>; <em>Sem Parar<\/em>; <em>MoveMais<\/em>; e <em>Veloe<\/em>), ou de modo &#8220;pos pago&#8221;, quando o motorista do ve\u00edculo transita pelo ped\u00e1gio e s\u00f3 depois (em at\u00e9 48 horas) consulta e tem acesso \u00e0 respectiva fatura de pagamento (<strong>que deve ser feito em at\u00e9 15 dias corridos<\/strong>), atrav\u00e9s dos seguintes meios:<\/p>\n<ul>\n<li>Whatsapp <a href=\"https:\/\/api.whatsapp.com\/send?phone=5521976535997&amp;text=Gostaria%20de%20recorrer%20Multa%20pedagio%20FREE%20FLOW\" target=\"_blank\" rel=\"noopener\">(11) 2795-2238<\/a>\u00a0 &#8211; Selecione a &#8220;op\u00e7\u00e3o 4&#8221; para realizar o pagamento)<\/li>\n<li>Aplicativo CCR RioSP (Basta baixar o Aplicativo, clique no banner &#8220;free flow&#8221; e seguir o passo a passo.)<\/li>\n<li>Site da concession\u00e1ria (<a href=\"https:\/\/freeflow.ccrriosp.com.br\/\" target=\"_blank\" rel=\"noopener\">https:\/\/freeflow.ccrriosp.com.br\/<\/a>)<\/li>\n<li>Presencialmente (em redes credenciadas da concession\u00e1ria. Em endere\u00e7os ainda divulgado na cidade do Rio de Janeiro. Atualmente este sistema de pagamento presencial s\u00f3 est\u00e1 dispon\u00edvel na Rio-Santos em alguns pontos, podendo ser pago em dinheiro, cart\u00e3o de d\u00e9bito e com Visa Vale Ped\u00e1gio. .<\/li>\n<\/ul>\n<h3><strong>E se esquecer e deixar de pagar em 15 dias?<\/strong><\/h3>\n<p>Ai o caminho \u00e9 <a href=\"https:\/\/api.whatsapp.com\/send?phone=5521976535997\" target=\"_blank\" rel=\"noopener\"><strong>recorrer com a Barreto Arruda Despachantes:<\/strong><\/a> temos j\u00e1 v\u00e1rios processo de recurso ANTT em andamento, na defesa de motoristas com multas procedentes deste novo sistema, de ped\u00e1gio Free Flow, o que nos qualifica a fazer a defesa mais consistente para reverter sua multa e pontos.<\/p>\n<h3><strong>Qual o valor da multa do ped\u00e1gio Free Flow?<\/strong><\/h3>\n<p>O n\u00e3o pagamento da tarifa em <strong>at\u00e9 15 dias corridos<\/strong> \u00e9 caracterizado como <strong>evas\u00e3o de ped\u00e1gio<\/strong>, com multa no valor de R$ 195,23, al\u00e9m da cobran\u00e7a de encargos e perda de 5 pontos da CNH.<\/p>\n<h3><strong>Como recorrer?<\/strong><\/h3>\n<p><a href=\"https:\/\/api.whatsapp.com\/send?phone=5521976535997\" target=\"_blank\" rel=\"noopener\">Recorra com a Barreto Arruda Despachantes atraves do Whatsapp:\u00a0<\/a> <a href=\"https:\/\/api.whatsapp.com\/send?phone=5521976535997\" target=\"_blank\" rel=\"noopener\"><strong>+55\u00a021\u00a097653-5997<\/strong><\/a><\/p>\n<p><strong>Somos escrit\u00f3rio pioneiro em recurso de multas advindas do sistema de ped\u00e1gio Fre Flow no Rio de Janeiro.<\/strong><br \/>\n<strong>Recorra com chance real de reverter, com anula\u00e7\u00e3o da multa atrav\u00e9s do recurso administrativo e dos pontos na CNH resultante da infra\u00e7\u00e3o.\u00a0<\/strong><\/p>\n<h3><strong>Lembre-se:<\/strong><br \/>\n<strong>A multa do ped\u00e1gio Free Flow \u00e9 pass\u00edvel de recurso. <\/strong><br \/>\n<strong><a href=\"https:\/\/barretoarrudadespachantes.com.br\/recurso\/recorrer\/\">Entre em contato<\/a> e pe\u00e7a um <a href=\"https:\/\/barretoarrudadespachantes.com.br\/recurso\/recorrer\/\">or\u00e7amento sem compromisso<\/a>!<\/strong><\/h3>\n<div class=\"su-note\"  style=\"border-color:#dfdfdf;border-radius:3px;-moz-border-radius:3px;-webkit-border-radius:3px;\"><div class=\"su-note-inner su-u-clearfix su-u-trim\" style=\"background-color:#f9f9f9;border-color:#ffffff;color:#333333;border-radius:3px;-moz-border-radius:3px;-webkit-border-radius:3px;\">\n<p>Ainda uma novidade nas estradas brasileiras, o sistema de ped\u00e1gio &#8220;Free Flow&#8221; (ou \u201cfluxo livre\u201d) t\u00eam causado dor de cabe\u00e7a e muita confus\u00e3o e d\u00favidas entre motoristas brasileiros, o que tem resultado em multas, muitas multas!<\/p>\n<p>Para melhor entender: ao passar em estrada equipada com sistema de ped\u00e1gio Free Flow, o motorista que n\u00e3o pagar a tarifa do ped\u00e1gio em at\u00e9 15 dias \u00e9 notificado e recebe multa por evas\u00e3o de ped\u00e1gio, uma infra\u00e7\u00e3o de tr\u00e2nsito que rende multa no valor de R$ 195 e cinco pontos na CNH.<\/p>\n<p>Diferente da cobran\u00e7a tradicional, onde o motorista precisa parar e pagar em um guich\u00ea, ou mesmo ter a velocidade reduzida para registro da tag, o ped\u00e1gio Free Flow \u00e9 sem cancela \u00e9 utiliza c\u00e2meras estabilizadas nos p\u00f3rticos que identificam a placa, gerando a posterior cobran\u00e7a da tarifa ap\u00f3s o ve\u00edculo passar, em velocidade normal.<\/p>\n<p>A ideia de se ter ped\u00e1gio sem cabine e sem a necessidade de parar ou ficar esperando em longas filas para pagar o ped\u00e1gio, \u00e9 sem d\u00favida altamente positiva e eficiente.<br \/>\nMas, ao que parece, seu prop\u00f3sito, apesar de muito eficiente, n\u00e3o foi acompanhada de informa\u00e7\u00e3o e massiva comunica\u00e7\u00e3o sobre o sistema de ped\u00e1gio p\u00f3s pago.<br \/>\nAl\u00e9m das d\u00favidas geradas de como e quando realizar o pagamento, h\u00e1 ainda outro agravante: erros causados pelo pr\u00f3prio sistema que, n\u00e3o obstante, s\u00e3o relatados por motoristas que alegam multas emitidas mesmo ap\u00f3s pagamento regular da tarifa e multas duplicadas ou mesmo tarifas que n\u00e3o aparecem no sistema, quando se tenta efetuar o pagamento.<\/p>\n<p>Apesar da promessa de corre\u00e7\u00e3o e ajustes de eventuais problemas por parte da concession\u00e1ria administradora de tais ped\u00e1gios, as multas continuam chegando a motoristas desavisados ou penalizados por pontuais erros possivelmente no sistema Free Flow.<\/p>\n<p>Para quem possui tag, a cobran\u00e7a \u00e9 autom\u00e1tica e debitada como em demais ped\u00e1gios.<br \/>\nJ\u00e1 quem n\u00e3o possui tag \u00e9 que enfrenta mais problemas que v\u00e3o desde erros no sistema de pagamento, esquecimentos e d\u00favidas com o novo m\u00e9todo, que podem atrasar o pagamento e, por consequ\u00eancia, gerar multas.<\/p>\n<p>O pagamento para quem n\u00e3o tem tag e passa pelo ped\u00e1gio Free Flow, pode ser feito no site da concession\u00e1ria ou no aplicativo pr\u00f3prio da modalidade de ped\u00e1gio, por WhatsApp e demais m\u00e9todos.<\/p>\n<p>Ha afixada em cada p\u00f3rtico placa com instru\u00e7\u00f5es de pagamento, o que raramente conseguem ser lidas por quem est\u00e1 dirigindo.<\/p>\n<p><strong><em>&#8220;O maior problema tem sido a quantidade das multas por evas\u00e3o de ped\u00e1gios, visto que tem motoristas que transitam di\u00e1ria ou semanalmente por tais trechos. J\u00e1 atendemos clientes com pontos excedidos e mais de uma dezena de multas geradas exclusivamente em ped\u00e1gio Free Flow. O caminho tem sido via recurso<\/em>.&#8221;<\/strong><br \/>\n<strong>Diz <a href=\"https:\/\/barretoarrudadespachantes.com.br\/recurs\">Alessandro Arruda<\/a>, da <a href=\"https:\/\/barretoarrudadespachantes.com.br\/recurs\">Barreto e Arruda Despachantes<\/a>, que j\u00e1 criou um setor exclusivo para atendimento a condutores multados em ped\u00e1gio Free Flow.<\/strong><\/p>\n<p>&#8220;<em>Ideal seria antes de viajar, conferir quais ped\u00e1gios existem nas estradas relacionadas ao destino. E ficar atento se houver sistema Free Flow na rota, principalmente para motoristas de frota, que atualmente s\u00e3o os mais penalizados, j\u00e1 que s\u00e3o os que mais transitam na BR-101 e demais trechos interestaduais e de longas dist\u00e2ncias<\/em>&#8220;, completa Arruda.<\/p>\n<p><strong>Quais estradas no RJ j\u00e1 possuem o ped\u00e1gio Free Flow:<\/strong><br \/>\n&#8211; Trechos da Rio-Santos (BR-101), em pelo menos tr\u00eas locais: Itagua\u00ed, Mangaratiba e Paraty.<\/p>\n<p><strong>Como recorrer da multa por evas\u00e3o ped\u00e1gio Free flow:<\/strong><br \/>\nNo RJ, o escrit\u00f3rio Barreto Arruda \u00e9 especializado, com atendimento online pelo WhatsApp +55 21 97653-5997 ou diretamente no site do escrit\u00f3rio: https:\/\/www.barretoarrudadespachantes.com.br<\/p>\n<\/div><\/div>\n<h2>OR\u00c7AMENTO RECURSO FREE FLOW<\/h2>\n<div class=\"su-table su-table-alternate\">\n<table>\n<tbody>\n<tr>\n<td>Recorrer multa Ped\u00e1gio Free Flow<\/td>\n<td><a href=\"https:\/\/api.whatsapp.com\/send?phone=5521976535997&amp;text=Gostaria%20de%20recorrer%20Multa%20Pedagio%20Free%20Flow\" target=\"_blank\" rel=\"noopener\">OR\u00c7AMENTO<\/a><\/td>\n<\/tr>\n<tr>\n<td>Recorrer multa Ped\u00e1gio<\/td>\n<td><a href=\"https:\/\/api.whatsapp.com\/send?phone=5521976535997&amp;text=Gostaria%20de%20recorrer%20Multa%20Pedagio%20Free%20Flow\" target=\"_blank\" rel=\"noopener\">OR\u00c7AMENTO<\/a><\/td>\n<\/tr>\n<tr>\n<td>Recorrer multa Ped\u00e1gio ANTT<\/td>\n<td><a href=\"https:\/\/api.whatsapp.com\/send?phone=5521976535997&amp;text=Gostaria%20de%20recorrer%20Multa%20Pedagio%20Free%20Flow\" target=\"_blank\" rel=\"noopener\">OR\u00c7AMENTO<\/a><\/td>\n<\/tr>\n<tr>\n<td>Recorrer Multa ANTT<\/td>\n<td><a href=\"https:\/\/api.whatsapp.com\/send?phone=5521976535997&amp;text=Gostaria%20de%20recorrer%20Multa%20Pedagio%20Free%20Flow\" target=\"_blank\" rel=\"noopener\">OR\u00c7AMENTO<\/a><\/td>\n<\/tr>\n<tr>\n<td>Contestar multa por n\u00e3o pagar ped\u00e1gio<\/td>\n<td><a href=\"https:\/\/api.whatsapp.com\/send?phone=5521976535997&amp;text=Gostaria%20de%20recorrer%20Multa%20Pedagio%20Free%20Flow\" target=\"_blank\" rel=\"noopener\">OR\u00c7AMENTO<\/a><\/td>\n<\/tr>\n<\/tbody>\n<\/table>\n<\/div>\n<p>&nbsp;<\/p>\n<p>Recorrer multa Ped\u00e1gio Free Flow, Recorrer multa Ped\u00e1gios, Recorrer multa Ped\u00e1gio Free, Recurso multa Ped\u00e1gio Free Flow,\u00a0 Recurso multa Ped\u00e1gio fluxo livre, Recurso multa Ped\u00e1gio ponte,Recorrer multa Ped\u00e1gio Free Flaw, recorrer multa evas\u00e3o de ped\u00e1gio,passei no ped\u00e1gio e n\u00e3o paguei o que fazer, multa ped\u00e1gio semparar, consultar multa por evas\u00e3o de ped\u00e1gio,<br \/>\nevas\u00e3o de ped\u00e1gio, evas\u00e3o de ped\u00e1gio, recurso de evas\u00e3o de ped\u00e1gio, evas\u00e3o de ped\u00e1gio recurso<\/p>\n","protected":false},"excerpt":{"rendered":"<p>Foi multado no Ped\u00e1gio Free Flow? Multa por evas\u00e3o de Ped\u00e1gio? Recorra e solicite anula\u00e7\u00e3o da multa e pontos! Quem deixa de pagar o Ped\u00e1gio Free Flow comete uma INFRA\u00c7\u00c3O GRAVE, sujeito a multa no valor de R$ 195,23\u00a0e perda de 05 pontos na CNH. Recorra j\u00e1 com nossos despachantes e n\u00e3o acumule pontos na CNH! O que \u00e9 Free Flow? No Rio de Janeiro j\u00e1 come\u00e7ou a ser instalado o novo sistema de ped\u00e1gio denominado Free Flow (&#8220;Fluxo Livre&#8221; em tradu\u00e7\u00e3o livre) que consiste em cobran\u00e7a 100% eletr\u00f4nica, dispensando as usuais cancelas e cabines de pagamento. Se n\u00e3o existem&#8230; <\/p>\n","protected":false},"author":1,"featured_media":0,"parent":0,"menu_order":0,"comment_status":"closed","ping_status":"closed","template":"","meta":{"_joinchat":[],"footnotes":"","_links_to":"","_links_to_target":""},"class_list":["post-1155","page","type-page","status-publish","hentry"],"_links":{"self":[{"href":"https:\/\/barretoarrudadespachantes.com.br\/recurso\/wp-json\/wp\/v2\/pages\/1155","targetHints":{"allow":["GET"]}}],"collection":[{"href":"https:\/\/barretoarrudadespachantes.com.br\/recurso\/wp-json\/wp\/v2\/pages"}],"about":[{"href":"https:\/\/barretoarrudadespachantes.com.br\/recurso\/wp-json\/wp\/v2\/types\/page"}],"author":[{"embeddable":true,"href":"https:\/\/barretoarrudadespachantes.com.br\/recurso\/wp-json\/wp\/v2\/users\/1"}],"replies":[{"embeddable":true,"href":"https:\/\/barretoarrudadespachantes.com.br\/recurso\/wp-json\/wp\/v2\/comments?post=1155"}],"version-history":[{"count":18,"href":"https:\/\/barretoarrudadespachantes.com.br\/recurso\/wp-json\/wp\/v2\/pages\/1155\/revisions"}],"predecessor-version":[{"id":1256,"href":"https:\/\/barretoarrudadespachantes.com.br\/recurso\/wp-json\/wp\/v2\/pages\/1155\/revisions\/1256"}],"wp:attachment":[{"href":"https:\/\/barretoarrudadespachantes.com.br\/recurso\/wp-json\/wp\/v2\/media?parent=1155"}],"curies":[{"name":"wp","href":"https:\/\/api.w.org\/{rel}","templated":true}]}}